{"id":6,"date":"2026-01-05T12:01:04","date_gmt":"2026-01-05T12:01:04","guid":{"rendered":"https:\/\/legalgorithm.eu\/?page_id=6"},"modified":"2026-01-05T20:20:09","modified_gmt":"2026-01-05T20:20:09","slug":"legalgorithm-expertise-techlaw-rgpd-pour-les-entreprises","status":"publish","type":"page","link":"https:\/\/legalgorithm.eu\/index.php\/legalgorithm-expertise-techlaw-rgpd-pour-les-entreprises\/","title":{"rendered":"Accueil"},"content":{"rendered":"\n<h2 class=\"wp-block-heading\">Legalgorithm \u2013 Expertise TechLaw &amp; RGPD pour les entreprises<\/h2>\n\n\n\n<p>Audits techniques, conseils juridiques et solutions automatis\u00e9es pour s\u00e9curiser vos donn\u00e9es<\/p>\n\n\n\n<p><\/p>\n\n\n\n<p><\/p>\n\n\n\n<h2 class=\"wp-block-heading\"><strong>Services et offres<\/strong><\/h2>\n\n\n\n<h2 class=\"wp-block-heading\">Audits RGPD techniques<\/h2>\n\n\n\n<h2 class=\"wp-block-heading\">Conseil en cybers\u00e9curit\u00e9 et conformit\u00e9<\/h2>\n\n\n\n<p><\/p>\n\n\n\n<h2 class=\"wp-block-heading\">Automatisation &amp; solutions IA<\/h2>\n\n\n\n<p><\/p>\n","protected":false},"excerpt":{"rendered":"<p>Legalgorithm \u2013 Expertise TechLaw &amp; RGPD pour les entreprises Audits techniques, conseils juridiques et solutions automatis\u00e9es pour s\u00e9curiser vos donn\u00e9es Services et offres Audits RGPD techniques Conseil en cybers\u00e9curit\u00e9 et conformit\u00e9 Automatisation &amp; solutions IA<\/p>\n","protected":false},"author":1,"featured_media":0,"parent":0,"menu_order":0,"comment_status":"closed","ping_status":"closed","template":"","meta":{"neve_meta_sidebar":"","neve_meta_container":"","neve_meta_enable_content_width":"","neve_meta_content_width":0,"neve_meta_title_alignment":"","neve_meta_author_avatar":"","neve_post_elements_order":"","neve_meta_disable_header":"","neve_meta_disable_footer":"","neve_meta_disable_title":"","footnotes":""},"class_list":["post-6","page","type-page","status-publish","hentry"],"_links":{"self":[{"href":"https:\/\/legalgorithm.eu\/index.php\/wp-json\/wp\/v2\/pages\/6","targetHints":{"allow":["GET"]}}],"collection":[{"href":"https:\/\/legalgorithm.eu\/index.php\/wp-json\/wp\/v2\/pages"}],"about":[{"href":"https:\/\/legalgorithm.eu\/index.php\/wp-json\/wp\/v2\/types\/page"}],"author":[{"embeddable":true,"href":"https:\/\/legalgorithm.eu\/index.php\/wp-json\/wp\/v2\/users\/1"}],"replies":[{"embeddable":true,"href":"https:\/\/legalgorithm.eu\/index.php\/wp-json\/wp\/v2\/comments?post=6"}],"version-history":[{"count":3,"href":"https:\/\/legalgorithm.eu\/index.php\/wp-json\/wp\/v2\/pages\/6\/revisions"}],"predecessor-version":[{"id":21,"href":"https:\/\/legalgorithm.eu\/index.php\/wp-json\/wp\/v2\/pages\/6\/revisions\/21"}],"wp:attachment":[{"href":"https:\/\/legalgorithm.eu\/index.php\/wp-json\/wp\/v2\/media?parent=6"}],"curies":[{"name":"wp","href":"https:\/\/api.w.org\/{rel}","templated":true}]}}